{"id":19,"date":"2016-11-15T10:26:40","date_gmt":"2016-11-15T10:26:40","guid":{"rendered":"http:\/\/ld-wp.template-help.com\/wordpress_62222_loan-light\/?page_id=19"},"modified":"2024-11-08T12:35:32","modified_gmt":"2024-11-08T12:35:32","slug":"home","status":"publish","type":"page","link":"http:\/\/quereserva.com\/ca\/","title":{"rendered":"Home"},"content":{"rendered":"<p>Reservas a un solo click Vuestros clientes podr\u00e1n realizar c\u00f3modamente sus reservas online desde un m\u00f3vil, PC, tablet&#8230; QUERESERVA abre la puerta de vuestra actividad a vuestros clientes las 24 horas Accediendo a vuestra web podr\u00e1n, de forma r\u00e1pida y sencilla, eleg <a href=\"http:\/\/quereserva.com\/ca\/\" title=\"Read more on Home\" class=\"more-link\">read more<\/a><\/p>\n","protected":false},"excerpt":{"rendered":"<p>Reservas a un solo click Vuestros clientes podr\u00e1n realizar c\u00f3modamente sus reservas online desde un m\u00f3vil, PC, tablet&#8230; QUERESERVA abre la puerta de vuestra actividad a vuestros clientes las 24 horas Accediendo a vuestra web podr\u00e1n, de forma r\u00e1pida y sencilla, eleg read more<\/p>\n","protected":false},"author":1,"featured_media":0,"parent":0,"menu_order":0,"comment_status":"closed","ping_status":"closed","template":"page-templates\/fullwidth-content.php","meta":{"footnotes":""},"class_list":["post-19","page","type-page","status-publish","hentry","no-thumb"],"yoast_head":"<!-- This site is optimized with the Yoast SEO plugin v26.9 - https:\/\/yoast.com\/product\/yoast-seo-wordpress\/ -->\n<title>Home - quereserva Plataforma para gestionar reservas online<\/title>\n<meta name=\"description\" content=\"Vuestros clientes podr\u00e1n realizar c\u00f3modamente sus reservas online desde un m\u00f3vil, PC, tablet\u2026 quereserva multiples funciones para paginas web\" \/>\n<meta name=\"robots\" content=\"index, follow, max-snippet:-1, max-image-preview:large, max-video-preview:-1\" \/>\n<link rel=\"canonical\" href=\"http:\/\/quereserva.com\/ca\/\" \/>\n<meta property=\"og:locale\" content=\"ca_ES\" \/>\n<meta property=\"og:type\" content=\"article\" \/>\n<meta property=\"og:title\" content=\"Home - quereserva Plataforma para gestionar reservas online\" \/>\n<meta property=\"og:description\" content=\"Vuestros clientes podr\u00e1n realizar c\u00f3modamente sus reservas online desde un m\u00f3vil, PC, tablet\u2026 quereserva multiples funciones para paginas web\" \/>\n<meta property=\"og:url\" content=\"http:\/\/quereserva.com\/ca\/\" \/>\n<meta property=\"og:site_name\" content=\"quereserva\" \/>\n<meta property=\"article:modified_time\" content=\"2024-11-08T12:35:32+00:00\" \/>\n<meta name=\"twitter:card\" content=\"summary_large_image\" \/>\n<meta name=\"twitter:label1\" content=\"Temps estimat de lectura\" \/>\n\t<meta name=\"twitter:data1\" content=\"6 minuts\" \/>\n<script type=\"application\/ld+json\" class=\"yoast-schema-graph\">{\"@context\":\"https:\/\/schema.org\",\"@graph\":[{\"@type\":\"WebPage\",\"@id\":\"http:\/\/quereserva.com\/ca\/\",\"url\":\"http:\/\/quereserva.com\/ca\/\",\"name\":\"Home - quereserva Plataforma para gestionar reservas online\",\"isPartOf\":{\"@id\":\"http:\/\/quereserva.com\/ca\/#website\"},\"datePublished\":\"2016-11-15T10:26:40+00:00\",\"dateModified\":\"2024-11-08T12:35:32+00:00\",\"description\":\"Vuestros clientes podr\u00e1n realizar c\u00f3modamente sus reservas online desde un m\u00f3vil, PC, tablet\u2026 quereserva multiples funciones para paginas web\",\"breadcrumb\":{\"@id\":\"http:\/\/quereserva.com\/ca\/#breadcrumb\"},\"inLanguage\":\"ca\",\"potentialAction\":[{\"@type\":\"ReadAction\",\"target\":[\"http:\/\/quereserva.com\/ca\/\"]}]},{\"@type\":\"BreadcrumbList\",\"@id\":\"http:\/\/quereserva.com\/ca\/#breadcrumb\",\"itemListElement\":[{\"@type\":\"ListItem\",\"position\":1,\"name\":\"Portada\",\"item\":\"http:\/\/quereserva.com\/ca\/\"},{\"@type\":\"ListItem\",\"position\":2,\"name\":\"Home\"}]},{\"@type\":\"WebSite\",\"@id\":\"http:\/\/quereserva.com\/ca\/#website\",\"url\":\"http:\/\/quereserva.com\/ca\/\",\"name\":\"quereserva\",\"description\":\"Reservas online\",\"publisher\":{\"@id\":\"http:\/\/quereserva.com\/ca\/#organization\"},\"potentialAction\":[{\"@type\":\"SearchAction\",\"target\":{\"@type\":\"EntryPoint\",\"urlTemplate\":\"http:\/\/quereserva.com\/ca\/?s={search_term_string}\"},\"query-input\":{\"@type\":\"PropertyValueSpecification\",\"valueRequired\":true,\"valueName\":\"search_term_string\"}}],\"inLanguage\":\"ca\"},{\"@type\":\"Organization\",\"@id\":\"http:\/\/quereserva.com\/ca\/#organization\",\"name\":\"quereserva\",\"url\":\"http:\/\/quereserva.com\/ca\/\",\"logo\":{\"@type\":\"ImageObject\",\"inLanguage\":\"ca\",\"@id\":\"http:\/\/quereserva.com\/ca\/#\/schema\/logo\/image\/\",\"url\":\"http:\/\/quereserva.com\/wp-content\/uploads\/2019\/09\/logopeque-e1567459435961.png\",\"contentUrl\":\"http:\/\/quereserva.com\/wp-content\/uploads\/2019\/09\/logopeque-e1567459435961.png\",\"width\":444,\"height\":135,\"caption\":\"quereserva\"},\"image\":{\"@id\":\"http:\/\/quereserva.com\/ca\/#\/schema\/logo\/image\/\"}}]}<\/script>\n<!-- \/ Yoast SEO plugin. -->","yoast_head_json":{"title":"Home - quereserva Plataforma para gestionar reservas online","description":"Vuestros clientes podr\u00e1n realizar c\u00f3modamente sus reservas online desde un m\u00f3vil, PC, tablet\u2026 quereserva multiples funciones para paginas web","robots":{"index":"index","follow":"follow","max-snippet":"max-snippet:-1","max-image-preview":"max-image-preview:large","max-video-preview":"max-video-preview:-1"},"canonical":"http:\/\/quereserva.com\/ca\/","og_locale":"ca_ES","og_type":"article","og_title":"Home - quereserva Plataforma para gestionar reservas online","og_description":"Vuestros clientes podr\u00e1n realizar c\u00f3modamente sus reservas online desde un m\u00f3vil, PC, tablet\u2026 quereserva multiples funciones para paginas web","og_url":"http:\/\/quereserva.com\/ca\/","og_site_name":"quereserva","article_modified_time":"2024-11-08T12:35:32+00:00","twitter_card":"summary_large_image","twitter_misc":{"Temps estimat de lectura":"6 minuts"},"schema":{"@context":"https:\/\/schema.org","@graph":[{"@type":"WebPage","@id":"http:\/\/quereserva.com\/ca\/","url":"http:\/\/quereserva.com\/ca\/","name":"Home - quereserva Plataforma para gestionar reservas online","isPartOf":{"@id":"http:\/\/quereserva.com\/ca\/#website"},"datePublished":"2016-11-15T10:26:40+00:00","dateModified":"2024-11-08T12:35:32+00:00","description":"Vuestros clientes podr\u00e1n realizar c\u00f3modamente sus reservas online desde un m\u00f3vil, PC, tablet\u2026 quereserva multiples funciones para paginas web","breadcrumb":{"@id":"http:\/\/quereserva.com\/ca\/#breadcrumb"},"inLanguage":"ca","potentialAction":[{"@type":"ReadAction","target":["http:\/\/quereserva.com\/ca\/"]}]},{"@type":"BreadcrumbList","@id":"http:\/\/quereserva.com\/ca\/#breadcrumb","itemListElement":[{"@type":"ListItem","position":1,"name":"Portada","item":"http:\/\/quereserva.com\/ca\/"},{"@type":"ListItem","position":2,"name":"Home"}]},{"@type":"WebSite","@id":"http:\/\/quereserva.com\/ca\/#website","url":"http:\/\/quereserva.com\/ca\/","name":"quereserva","description":"Reservas online","publisher":{"@id":"http:\/\/quereserva.com\/ca\/#organization"},"potentialAction":[{"@type":"SearchAction","target":{"@type":"EntryPoint","urlTemplate":"http:\/\/quereserva.com\/ca\/?s={search_term_string}"},"query-input":{"@type":"PropertyValueSpecification","valueRequired":true,"valueName":"search_term_string"}}],"inLanguage":"ca"},{"@type":"Organization","@id":"http:\/\/quereserva.com\/ca\/#organization","name":"quereserva","url":"http:\/\/quereserva.com\/ca\/","logo":{"@type":"ImageObject","inLanguage":"ca","@id":"http:\/\/quereserva.com\/ca\/#\/schema\/logo\/image\/","url":"http:\/\/quereserva.com\/wp-content\/uploads\/2019\/09\/logopeque-e1567459435961.png","contentUrl":"http:\/\/quereserva.com\/wp-content\/uploads\/2019\/09\/logopeque-e1567459435961.png","width":444,"height":135,"caption":"quereserva"},"image":{"@id":"http:\/\/quereserva.com\/ca\/#\/schema\/logo\/image\/"}}]}},"_links":{"self":[{"href":"http:\/\/quereserva.com\/ca\/wp-json\/wp\/v2\/pages\/19","targetHints":{"allow":["GET"]}}],"collection":[{"href":"http:\/\/quereserva.com\/ca\/wp-json\/wp\/v2\/pages"}],"about":[{"href":"http:\/\/quereserva.com\/ca\/wp-json\/wp\/v2\/types\/page"}],"author":[{"embeddable":true,"href":"http:\/\/quereserva.com\/ca\/wp-json\/wp\/v2\/users\/1"}],"replies":[{"embeddable":true,"href":"http:\/\/quereserva.com\/ca\/wp-json\/wp\/v2\/comments?post=19"}],"version-history":[{"count":139,"href":"http:\/\/quereserva.com\/ca\/wp-json\/wp\/v2\/pages\/19\/revisions"}],"predecessor-version":[{"id":1063,"href":"http:\/\/quereserva.com\/ca\/wp-json\/wp\/v2\/pages\/19\/revisions\/1063"}],"wp:attachment":[{"href":"http:\/\/quereserva.com\/ca\/wp-json\/wp\/v2\/media?parent=19"}],"curies":[{"name":"wp","href":"https:\/\/api.w.org\/{rel}","templated":true}]}}