{"id":647,"date":"2017-12-01T15:19:30","date_gmt":"2017-12-01T15:19:30","guid":{"rendered":"http:\/\/quereserva.com\/?page_id=647"},"modified":"2019-09-02T23:12:53","modified_gmt":"2019-09-02T23:12:53","slug":"aviso-legal","status":"publish","type":"page","link":"https:\/\/quereserva.com\/ca\/aviso-legal\/","title":{"rendered":"Av\u00eds legal i condicions d\u2019\u00fas del portal"},"content":{"rendered":"<p>Amb la finalitat de donar compliment a l&#8217;article 10 de la Llei 34\/2002 de Serveis de la Societat de la Informaci\u00f3 i del Comer\u00e7 Electr\u00f2nic, informem els usuaris de les nostres dades:<\/p>\n<div class=\"padding-default ziph-page_content \">\n<div class=\"container\">\n<div class=\"ziph-page_warp\">\n<p class=\"p1\"><span class=\"s2\">Denominaci\u00f3 Social:\u00a0<strong>Context Media S.L.<\/strong><br \/>\n<\/span><\/p>\n<p class=\"p1\"><span class=\"s2\">Domicili Social: Travessera de les Corts, 63, 5-1, 08028 Barcelona, (Barcelona)<br \/>\n<\/span><\/p>\n<p class=\"p1\"><span class=\"s2\">NIF: B65106957<br \/>\n<\/span><\/p>\n<p class=\"p1\"><span class=\"s2\">Tel\u00e8fon: 93 490 54 04<br \/>\n<\/span><\/p>\n<p>E-Mail: <a href=\"mailto:contact@pregunteam.com\">contact@quereserva.com<\/a><\/p>\n<p>Lloc Web: <a href=\"http:\/\/www.quereserva.com\">www.quereserva.com<\/a><\/p>\n<p class=\"p1\"><span class=\"s2\">Dades Registrals: Tom 41.273, Foli 85, Full B379333, Inscripci\u00f3 1.<\/span><\/p>\n<h4 class=\"p1\"><span class=\"s1\"><b>1. OBJECTE<\/b><\/span><\/h4>\n<p class=\"p1\"><span class=\"s1\"><strong>Context Media S.L.<\/strong> (d&#8217;ara endavant tamb\u00e9 el prestador) com responsable del lloc web, posa a la disposici\u00f3 dels usuaris el present document, que regula l&#8217;\u00fas del lloc web <strong>www.quereserva.com<\/strong><\/span><span class=\"s1\">, amb el qual pretenem donar compliment a les obligacions que disposa la Llei 34\/2002, de Serveis de la Societat de la Informaci\u00f3 i del Comer\u00e7 Electr\u00f2nic (LSSICE o LSSI), aix\u00ed com informar a tots els usuaris del lloc web respecte de quins s\u00f3n les condicions d&#8217;\u00fas del lloc web.<\/span><\/p>\n<p>A trav\u00e9s de la Web,\u00a0<strong>Context Media S.L.<\/strong><span class=\"s1\">\u00a0facilita als usuaris l&#8217;acc\u00e9s i utilitzaci\u00f3 de diferents serveis i continguts posats a disposici\u00f3 a trav\u00e9s del web.<\/span><\/p>\n<p>Tota persona que accedeixi a aquesta web assumeix el paper d&#8217;usuari (d&#8217;ara endavant l&#8217;usuari), i implica l&#8217;acceptaci\u00f3 total i sense reserves de totes i cadascuna de les disposicions incloses en aquest av\u00eds legal, aix\u00ed com a qualssevol altres disposicions legals que fossin aplicable.<\/p>\n<p>Com a usuaris, han de llegir atentament aquest Av\u00eds Legal en qualsevol de les ocasions que entrin a la web, perqu\u00e8 aquesta pot patir modificacions ja que el prestador es reserva el dret a modificar qualsevol tipus d&#8217;informaci\u00f3 que pogu\u00e9s apar\u00e8ixer en la web, sense que existeixi l&#8217;obligaci\u00f3 de preavisar o posar en coneixement dels usuaris aquestes obligacions, sent suficients la publicaci\u00f3 en el lloc web del prestador.<\/p>\n<h4 class=\"p1\"><span class=\"s1\"><b>2. CONDICIONS D&#8217;ACC\u00c9S I \u00daS DE LA WEB.<\/b><\/span><\/h4>\n<p class=\"p1\"><span class=\"s1\"><b>2.1. Car\u00e0cter gratu\u00eft de l&#8217;acc\u00e9s i \u00fas de la web.<br \/>\n<\/b>La prestaci\u00f3 dels serveis per part de\u00a0<strong>Context Media S.L.<\/strong><\/span><span class=\"s1\">\u00a0t\u00e9 car\u00e0cter gratu\u00eft per a tots els Usuaris. No obstant aix\u00f2, alguns dels serveis subministrats pel prestador a trav\u00e9s de la Web estan subjectes al pagament d&#8217;un preu determinat a les condiciones generals de contractaci\u00f3.<\/span><\/p>\n<p><b>2.2. Registre d&#8217;Usuari.<br \/>\n<\/b>Amb car\u00e0cter general la prestaci\u00f3 dels Serveis no exigeix la pr\u00e8via subscripci\u00f3 o registre dels Usuaris. Aix\u00ed i tot,\u00a0<strong>Context Media S.L.<\/strong><span class=\"s1\">\u00a0condiciona l&#8217;\u00fas d&#8217;alguns dels serveis a la pr\u00e8via complementaci\u00f3 del corresponent registre d&#8217;Usuari. Aquest registre s&#8217;efectuar\u00e0 en la forma expressament indicada en la pr\u00f2pia secci\u00f3 del servei.<\/span><\/p>\n<p class=\"p1\"><span class=\"s1\"><b>2.3. Veracitat de la informaci\u00f3.<br \/>\n<\/b>Tota la informaci\u00f3 que facilita l&#8217;Usuari ha de ser vera\u00e7. A aquest efecte, l&#8217;Usuari garanteix l&#8217;autenticitat de les dades comunicades a trav\u00e9s dels formularis per a la subscripci\u00f3 dels Serveis. Ser\u00e0 responsabilitat de l&#8217;Usuari mantenir tota la informaci\u00f3 facilitada a\u00a0<strong>Context Media S.L.<\/strong><\/span><span class=\"s1\">\u00a0permanentment actualitzada de manera que respongui, a cada moment, a la seva situaci\u00f3 real. En tot cas, l&#8217;Usuari ser\u00e0 l&#8217;\u00fanic responsable de les manifestacions falses o inexactes que realitzi i dels perjudicis que causi al prestador o a tercers.<\/span><\/p>\n<p><b>2.4. Menors d&#8217;edat.<br \/>\n<\/b>Per a l&#8217;\u00fas dels serveis, els menors d&#8217;edat han d&#8217;obtenir sempre pr\u00e8viament el consentiment dels pares, tutors o representants legals, responsables \u00faltims de tots els actes realitzats pels menors al seu c\u00e0rrec. La responsabilitat en la determinaci\u00f3 de continguts concrets als quals accedeixen els menors correspon a aquells, \u00e9s per aix\u00f2 que, si accedeixen a continguts no apropiats per Internet, s&#8217;hauran d&#8217;establir en els seus ordenadors mecanismes, en particular programes inform\u00e0tics, filtres i bloquejos, que permetin limitar els continguts disponibles i, tot i que no siguin infal\u00b7libles, s\u00f3n d&#8217;especial utilitat per a controlar i restringir els materials als quals poden accedir els menors.<\/p>\n<p class=\"p1\"><span class=\"s1\"><b>2.5. Obligaci\u00f3 de fer un \u00fas correcte de la Web.<br \/>\n<\/b>L&#8217;Usuari es compromet a utilitzar la Web de conformitat a la Llei i al present Av\u00eds Legal, aix\u00ed com a la moral i a les bones costums. A aquest efecte, l&#8217;Usuari s&#8217;abstindr\u00e0 d&#8217;utilitzar la p\u00e0gina amb finalitats il\u00b7l\u00edcites o prohibides, lesives de drets i interessos de tercers, o que de qualsevol forma puguin perjudicar, inutilitzar, sobrecarregar, deteriorar o impedir la normal utilitzaci\u00f3 d&#8217;equips inform\u00e0tics o documents, arxius i tota classe de continguts emmagatzemats en qualsevol equip inform\u00e0tic del prestador.<\/span><\/p>\n<p class=\"p1\"><span class=\"s1\">En particular, i a t\u00edtol indicatiu, per\u00f2 no exhaustiu, l&#8217;Usuari es compromet a no transmetre, difondre o posar a la disposici\u00f3 de tercers informacions, dades, continguts, missatges, gr\u00e0fics, dibuixos, arxius de so o imatge, fotografies, enregistraments, programari i, en general, qualsevol classe de material que:<br \/>\n(a) sigui contr\u00e0ria, menyspre\u00ef o atempti contra els drets fonamentals i les llibertats p\u00fabliques reconegudes constitucionalment, en tractats internacionals i altres normes vigents;<br \/>\n(b) indueixi, inciti o promogui actuacions delictives, denigrants, difamat\u00f2ries, violentes o, en general, contr\u00e0ries a la llei, a la moral i a l&#8217;ordre p\u00fablic;<br \/>\n(c) indueixi, inciti o promogui actuacions, actituds o pensaments discriminatoris per ra\u00f3 de sexe, ra\u00e7a, religi\u00f3, creences, edat o condici\u00f3;<br \/>\n(d) sigui contrari al dret a l&#8217;honor, a la intimitat personal o familiar o a la pr\u00f2pia imatge de les persones;<br \/>\n(e) de qualsevol manera perjudiqui la credibilitat del prestador o de tercers; i<br \/>\n(f) constitueixi publicitat il\u00b7l\u00edcita, enganyosa o deslleial.<\/span><\/p>\n<h4 class=\"p1\"><span class=\"s1\"><b>3. EXCLUSI\u00d3 DE GARANTIES I RESPONSABILITAT<\/b><\/span><\/h4>\n<p class=\"p1\"><span class=\"s1\">El prestador s&#8217;eximeix de qualsevol tipus de responsabilitat derivada de la informaci\u00f3 publicada en el nostre lloc web, sempre que aquesta informaci\u00f3 hagi estat manipulada o introdu\u00efda per un tercer ali\u00e8.<\/span><\/p>\n<p>Aquesta web ha estat revisada i provada perqu\u00e8 funcioni correctament. En principi, es pot garantir el correcte funcionament els 365 dies de l&#8217;any, 24 hores al dia. No obstant aix\u00f2, el prestador no descarta la possibilitat que existeixin determinats errors de programaci\u00f3, o que succeeixin causes de for\u00e7a major, cat\u00e0strofes naturals, vagues, o circumst\u00e0ncies semblants que facin impossible l&#8217;acc\u00e9s a la p\u00e0gina web.<\/p>\n<p class=\"p1\"><span class=\"s1\"><strong>Context Media S.L\u00a0<\/strong>no atorga cap garantia ni es fa responsable, en cap cas, dels danys i perjudicis de qualsevol \u00edndole que puguin sortir a col\u00b7laci\u00f3 de la falta de disponibilitat, manteniment i efectiu funcionament de la web o dels seus serveis i continguts; de l&#8217;exist\u00e8ncia de virus, programes maliciosos o lesius en els continguts; de l&#8217;\u00fas il\u00b7l\u00edcit, negligent, fraudulent o contrari a aquest Av\u00eds Legal i condicions d&#8217;\u00fas; o de la falta de licitud, qualitat, fiabilitat, utilitat i disponibilitat dels serveis prestats per tercers i posats a la disposici\u00f3 dels usuaris en el lloc web.<\/span><\/p>\n<p>El prestador no es fa responsable en cap concepte dels danys que puguin derivar-se de l&#8217;\u00fas il\u00b7legal o indegut de la present p\u00e0gina web.<\/p>\n<h4 class=\"p1\"><span class=\"s1\"><b>4. GALETES \/COOKIES<\/b><\/span><\/h4>\n<p class=\"p1\"><span class=\"s1\">El lloc web del prestador pot utilitzar <i>cookies<\/i> (petits arxius d&#8217;informaci\u00f3 que el servidor envia a l&#8217;ordinador de qui accedeix en la p\u00e0gina) per a dur a terme determinades funcions que s\u00f3n considerades imprescindibles per al correcte funcionament i visualitzaci\u00f3 del lloc. Les <i>cookies<\/i> utilitzades tenen, en tot cas, car\u00e0cter temporal, amb l&#8217;\u00fanica finalitat de fer m\u00e9s efica\u00e7 la navegaci\u00f3, i desapareixen en acabar la sessi\u00f3 de l&#8217;usuari.<\/span><\/p>\n<p>En cap cas s&#8217;utilitzaran les <i>cookies<\/i> per a recollir informaci\u00f3 de car\u00e0cter personal.<br \/>\nPer a m\u00e9s informaci\u00f3, veure la nostra <a href=\"http:\/\/quereserva.com\/ca\/cookies\/\">Pol\u00edtica de cookies<\/a>.<\/p>\n<h4 class=\"p1\"><span class=\"s1\"><b>5. ENLLA\u00c7OS (LINKS)<\/b><\/span><\/h4>\n<p class=\"p1\"><span class=\"s1\">Des del lloc web \u00e9s possible que es redirigeixi a continguts de terceres webs. At\u00e8s que des del web no podem controlar sempre els continguts introdu\u00efts pels tercers,\u00a0<strong>Context Media S.L.<\/strong><\/span><span class=\"s1\">\u00a0no assumeix cap mena de responsabilitat respecte a aquests continguts. En tot cas, el prestador manifesta que procedir\u00e0 a la retirada immediata de qualsevol contingut que pogu\u00e9s contravenir la legislaci\u00f3 nacional o internacional, la moral o l&#8217;ordre p\u00fablic, procedint a la retirada immediata de la redirecci\u00f3 a aquestes webs, posant en coneixement de les autoritats competents el contingut en q\u00fcesti\u00f3.<\/span><\/p>\n<p class=\"p1\"><span class=\"s1\">El prestador no es responsabilitza de la informaci\u00f3 i continguts emmagatzemats, a t\u00edtol enunciatiu, per\u00f2 no limitant, en f\u00f2rums, xats, generadors de blogs, comentaris, xarxes socials o qualsevol altre mitj\u00e0 que permeti a tercers publicar continguts de forma independent a la p\u00e0gina web del prestador. No obstant aix\u00f2 i en compliment del que disposa l&#8217;art. 11 i 16 de la LSSICE, el prestador es posa a la disposici\u00f3 de tots els usuaris, autoritats i forces de seguretat, i col\u00b7laborant de forma activa en la retirada o, quan sigui necessari, el bloqueig de tots aquells continguts que puguin afectar o contravenir la legislaci\u00f3 nacional, o internacional, drets de tercers o la moral i l&#8217;ordre p\u00fablic. En cas que l&#8217;usuari consideri que pot existir algun contingut que pogu\u00e9s ser susceptible d&#8217;aquesta classificaci\u00f3, es prega el notifiqui de forma immediata a l&#8217;administrador del lloc web.<\/span><\/p>\n<h4 class=\"p1\"><span class=\"s1\"><b>6. PROTECCI\u00d3 DE DADES PERSONALS<\/b><\/span><\/h4>\n<p class=\"p1\"><span class=\"s1\">El prestador est\u00e0 profundament comprom\u00e8s amb el compliment de la normativa de protecci\u00f3 de dades personals i garanteix el compliment \u00edntegre de les obligacions disposades, aix\u00ed com la implementaci\u00f3 de les mesures de seguretat disposades al Reglament Europeu de Protecci\u00f3 de dades i la normativa espanyola de protecci\u00f3 de dades. Per a m\u00e9s informaci\u00f3, veure la nostra <a href=\"http:\/\/quereserva.com\/ca\/privacidad\/\">Pol\u00edtica de privacitat.<\/a><\/span><\/p>\n<h4 class=\"p1\"><span class=\"s1\"><b>7. XARXES SOCIALS<\/b><\/span><\/h4>\n<p class=\"p1\"><span class=\"s1\">L&#8217;informem que\u00a0<strong>Context Media S.L.<\/strong><\/span><span class=\"s1\">\u00a0pot estar present en xarxes socials. El tractament de les dades que els usuaris incloguin en les mateixes [fent-se seguidors del prestador en les xarxes socials (i\/o realitzant qualsevol vincle o acci\u00f3 de connexi\u00f3 a trav\u00e9s d&#8217;aquestes)] es regir\u00e0 per aquest apartat, aix\u00ed com per les condicions d&#8217;\u00fas, pol\u00edtiques de privacitat i normatives d&#8217;acc\u00e9s i \u00fas de les xarxes socials en q\u00fcesti\u00f3 i acceptades pr\u00e8viament per l&#8217;usuari.\u00a0<strong>Context Media S.L.<\/strong><\/span><span class=\"s1\">\u00a0tractar\u00e0 les seves dades amb la finalitat d&#8217;informar-lo de les activitats, productes o serveis del prestador a trav\u00e9s d&#8217;aquestes xarxes socials, aix\u00ed com per a qualsevol altra finalitat que les normatives de les Xarxes Socials permetin, per\u00f2 no es far\u00e0 responsable de les seves pol\u00edtiques de privacitat.<\/span><\/p>\n<p class=\"p1\"><span class=\"s1\">Queda prohibida la publicaci\u00f3 de continguts:<br \/>\n&#8211; Que siguin presumptament il\u00b7l\u00edcits per la normativa nacional, comunit\u00e0ria o internacional o que realitzin activitats presumptament il\u00b7l\u00edcites o contravinguin els principis de la bona fe.<br \/>\n&#8211; Que atemptin contra els drets fonamentals de les persones, faltin a la cortesia en la xarxa, molestin o puguin generar opinions negatives en els nostres usuaris o tercers i en general qualssevol siguin els continguts que\u00a0<strong>Context Media S.L.<\/strong><\/span><span class=\"s1\">\u00a0consideri no apropiats.<br \/>\n&#8211; I en general que contravinguin els principis de legalitat, honradesa, responsabilitat, protecci\u00f3 de la dignitat humana, protecci\u00f3 de menors, protecci\u00f3 de l&#8217;ordre p\u00fablic, la protecci\u00f3 de la vida privada, la protecci\u00f3 del consumidor i els drets de propietat intel\u00b7lectual i industrial.<\/span><\/p>\n<p>Aix\u00ed mateix,\u00a0<span class=\"s1\"><strong>Context Media S.L.<\/strong><\/span><span class=\"s1\">\u00a0es reserva la potestat de retirar, sense previ av\u00eds del lloc web o de la xarxa social corporativa aquells continguts que es considerin no apropiats.<\/span><\/p>\n<h4 class=\"p1\"><span class=\"s1\"><b>8. PROPIETAT INTEL\u00b7LECTUAL I INDUSTRIAL<\/b><\/span><\/h4>\n<p class=\"p1\"><span class=\"s1\">El lloc web, incloent a t\u00edtol enunciatiu, per\u00f2 no limitatiu la programaci\u00f3, edici\u00f3, compilaci\u00f3 i altres elements necessaris per al seu funcionament, els dissenys, logotips, textos, fotografies i\/o gr\u00e0fics s\u00f3n propietat del prestador o, en cas que fos necessari, disposa de la llic\u00e8ncia o autoritzaci\u00f3 expressa per part dels autors. Tots els continguts del lloc web es troben degudament protegits per la normativa de propietat intel\u00b7lectual i industrial.<\/span><\/p>\n<p class=\"p1\"><span class=\"s1\">Independentment de la finalitat per la qual foren destinats, la reproducci\u00f3 total o parcial, \u00fas, distribuci\u00f3 i comunicaci\u00f3 p\u00fablica requereixen de l&#8217;autoritzaci\u00f3 escrita pr\u00e8via per part del prestador. Qualsevol \u00fas no autoritzat pr\u00e8viament per part del prestador ser\u00e0 considerat un incompliment greu dels drets de propietat intel\u00b7lectual o industrial de l&#8217;autor.<\/span><\/p>\n<p>Els dissenys, logotips, textos i\/o gr\u00e0fics aliens al prestador i que puguin apar\u00e8ixer en el lloc web, pertanyen als seus respectius propietaris, sent ells mateixos els responsables de qualsevol possible controv\u00e8rsia que pogu\u00e9s esdevenir respecte a aquests. En tot cas, el prestador compta amb l&#8217;autoritzaci\u00f3 expressa i pr\u00e8via per part dels propietaris per a la seva publicaci\u00f3.<\/p>\n<p class=\"p1\"><span class=\"s1\">El prestador reconeix a favor dels seus titulars els corresponents drets de propietat industrial i intel\u00b7lectual, no implicant l&#8217;esment o aparici\u00f3 en el lloc web, de l&#8217;exist\u00e8ncia de drets o cap responsabilitat del prestador sobre aquests, com tampoc suport, patrocini o recomanaci\u00f3 per part d&#8217;aquest.<\/span><\/p>\n<p>Per a realitzar qualsevol tipus d&#8217;observaci\u00f3 respecte a possibles incompliments dels drets de propietat intel\u00b7lectual o industrial, aix\u00ed com sobre qualsevol dels continguts del lloc web, pot fer-lo a trav\u00e9s del correu electr\u00f2nic a dalt ressenyat.<\/p>\n<h4 class=\"p1\"><span class=\"s1\"><b>9. LLEI APLICABLE I JURISDICCI\u00d3<\/b><\/span><\/h4>\n<p class=\"p1\"><span class=\"s1\">Per a la resoluci\u00f3 de les controv\u00e8rsies o q\u00fcestions relacionades amb la present p\u00e0gina web o de les activitats en aquesta desenvolupades, ser\u00e0 aplicable la legislaci\u00f3 espanyola, a la qual se sotmeten expressament les parts, sent competents per la resoluci\u00f3 de tots els conflictes derivats o relacionats amb el seu \u00fas els <\/span><span class=\"s2\">Jutjats i Tribunals de Barcelona<\/span><span class=\"s1\">.<\/span><\/p>\n<\/div>\n<\/div>\n<\/div>\n<p><\/p>","protected":false},"excerpt":{"rendered":"<p>Amb la finalitat de donar compliment a l&#8217;article 10 de la Llei 34\/2002 de Serveis de la Societat de la Informaci\u00f3 i del Comer\u00e7 Electr\u00f2nic, informem els usuaris de les nostres dades: Denominaci\u00f3 Social:\u00a0Context Media S.L. Domicili Social: Travessera de les Corts, 63, 5-1, 08028 Barcelona, (Barcelona) NIF: B65106957 Tel\u00e8fon: 93 490 54 04 E-Mail: &hellip;<\/p>\n","protected":false},"author":1,"featured_media":0,"parent":0,"menu_order":0,"comment_status":"closed","ping_status":"closed","template":"","meta":{"footnotes":""},"class_list":["post-647","page","type-page","status-publish","hentry","no-thumb"],"yoast_head":"<!-- This site is optimized with the Yoast SEO plugin v26.9 - https:\/\/yoast.com\/product\/yoast-seo-wordpress\/ -->\n<title>Av\u00eds legal i condicions d\u2019\u00fas del portal - quereserva<\/title>\n<meta name=\"robots\" content=\"index, follow, max-snippet:-1, max-image-preview:large, max-video-preview:-1\" \/>\n<link rel=\"canonical\" href=\"https:\/\/quereserva.com\/aviso-legal\/\" \/>\n<meta property=\"og:locale\" content=\"ca_ES\" \/>\n<meta property=\"og:type\" content=\"article\" \/>\n<meta property=\"og:title\" content=\"[:es]Aviso legal y condiciones de uso del portal[:ca]Av\u00eds legal i condicions d\u2019\u00fas del portal[:en]Legal notice and conditions of use of the website[:] - quereserva\" \/>\n<meta property=\"og:description\" content=\"Amb la finalitat de donar compliment a l&#8217;article 10 de la Llei 34\/2002 de Serveis de la Societat de la Informaci\u00f3 i del Comer\u00e7 Electr\u00f2nic, informem els usuaris de les nostres dades: Denominaci\u00f3 Social:\u00a0Context Media S.L. Domicili Social: Travessera de les Corts, 63, 5-1, 08028 Barcelona, (Barcelona) NIF: B65106957 Tel\u00e8fon: 93 490 54 04 E-Mail: &hellip;\" \/>\n<meta property=\"og:url\" content=\"https:\/\/quereserva.com\/aviso-legal\/\" \/>\n<meta property=\"og:site_name\" content=\"quereserva\" \/>\n<meta property=\"article:modified_time\" content=\"2019-09-02T23:12:53+00:00\" \/>\n<meta name=\"twitter:card\" content=\"summary_large_image\" \/>\n<meta name=\"twitter:label1\" content=\"Temps estimat de lectura\" \/>\n\t<meta name=\"twitter:data1\" content=\"32 minuts\" \/>\n<script type=\"application\/ld+json\" class=\"yoast-schema-graph\">{\"@context\":\"https:\/\/schema.org\",\"@graph\":[{\"@type\":\"WebPage\",\"@id\":\"https:\/\/quereserva.com\/aviso-legal\/\",\"url\":\"https:\/\/quereserva.com\/aviso-legal\/\",\"name\":\"[:es]Aviso legal y condiciones de uso del portal[:ca]Av\u00eds legal i condicions d\u2019\u00fas del portal[:en]Legal notice and conditions of use of the website[:] - quereserva\",\"isPartOf\":{\"@id\":\"http:\/\/quereserva.com\/#website\"},\"datePublished\":\"2017-12-01T15:19:30+00:00\",\"dateModified\":\"2019-09-02T23:12:53+00:00\",\"breadcrumb\":{\"@id\":\"https:\/\/quereserva.com\/aviso-legal\/#breadcrumb\"},\"inLanguage\":\"ca\",\"potentialAction\":[{\"@type\":\"ReadAction\",\"target\":[\"https:\/\/quereserva.com\/aviso-legal\/\"]}]},{\"@type\":\"BreadcrumbList\",\"@id\":\"https:\/\/quereserva.com\/aviso-legal\/#breadcrumb\",\"itemListElement\":[{\"@type\":\"ListItem\",\"position\":1,\"name\":\"Portada\",\"item\":\"http:\/\/quereserva.com\/\"},{\"@type\":\"ListItem\",\"position\":2,\"name\":\"Aviso legal y condiciones de uso del portal\"}]},{\"@type\":\"WebSite\",\"@id\":\"http:\/\/quereserva.com\/#website\",\"url\":\"http:\/\/quereserva.com\/\",\"name\":\"quereserva\",\"description\":\"Reservas online\",\"publisher\":{\"@id\":\"http:\/\/quereserva.com\/#organization\"},\"potentialAction\":[{\"@type\":\"SearchAction\",\"target\":{\"@type\":\"EntryPoint\",\"urlTemplate\":\"http:\/\/quereserva.com\/?s={search_term_string}\"},\"query-input\":{\"@type\":\"PropertyValueSpecification\",\"valueRequired\":true,\"valueName\":\"search_term_string\"}}],\"inLanguage\":\"ca\"},{\"@type\":\"Organization\",\"@id\":\"http:\/\/quereserva.com\/#organization\",\"name\":\"quereserva\",\"url\":\"http:\/\/quereserva.com\/\",\"logo\":{\"@type\":\"ImageObject\",\"inLanguage\":\"ca\",\"@id\":\"http:\/\/quereserva.com\/#\/schema\/logo\/image\/\",\"url\":\"https:\/\/quereserva.com\/wp-content\/uploads\/2019\/09\/logopeque-e1567459435961.png\",\"contentUrl\":\"https:\/\/quereserva.com\/wp-content\/uploads\/2019\/09\/logopeque-e1567459435961.png\",\"width\":444,\"height\":135,\"caption\":\"quereserva\"},\"image\":{\"@id\":\"http:\/\/quereserva.com\/#\/schema\/logo\/image\/\"}}]}<\/script>\n<!-- \/ Yoast SEO plugin. -->","yoast_head_json":{"title":"[:es]Aviso legal y condiciones de uso del portal[:ca]Av\u00eds legal i condicions d\u2019\u00fas del portal[:en]Legal notice and conditions of use of the website[:] - quereserva","robots":{"index":"index","follow":"follow","max-snippet":"max-snippet:-1","max-image-preview":"max-image-preview:large","max-video-preview":"max-video-preview:-1"},"canonical":"https:\/\/quereserva.com\/aviso-legal\/","og_locale":"ca_ES","og_type":"article","og_title":"[:es]Aviso legal y condiciones de uso del portal[:ca]Av\u00eds legal i condicions d\u2019\u00fas del portal[:en]Legal notice and conditions of use of the website[:] - quereserva","og_description":"Amb la finalitat de donar compliment a l&#8217;article 10 de la Llei 34\/2002 de Serveis de la Societat de la Informaci\u00f3 i del Comer\u00e7 Electr\u00f2nic, informem els usuaris de les nostres dades: Denominaci\u00f3 Social:\u00a0Context Media S.L. Domicili Social: Travessera de les Corts, 63, 5-1, 08028 Barcelona, (Barcelona) NIF: B65106957 Tel\u00e8fon: 93 490 54 04 E-Mail: &hellip;","og_url":"https:\/\/quereserva.com\/aviso-legal\/","og_site_name":"quereserva","article_modified_time":"2019-09-02T23:12:53+00:00","twitter_card":"summary_large_image","twitter_misc":{"Temps estimat de lectura":"32 minuts"},"schema":{"@context":"https:\/\/schema.org","@graph":[{"@type":"WebPage","@id":"https:\/\/quereserva.com\/aviso-legal\/","url":"https:\/\/quereserva.com\/aviso-legal\/","name":"[:es]Aviso legal y condiciones de uso del portal[:ca]Av\u00eds legal i condicions d\u2019\u00fas del portal[:en]Legal notice and conditions of use of the website[:] - quereserva","isPartOf":{"@id":"http:\/\/quereserva.com\/#website"},"datePublished":"2017-12-01T15:19:30+00:00","dateModified":"2019-09-02T23:12:53+00:00","breadcrumb":{"@id":"https:\/\/quereserva.com\/aviso-legal\/#breadcrumb"},"inLanguage":"ca","potentialAction":[{"@type":"ReadAction","target":["https:\/\/quereserva.com\/aviso-legal\/"]}]},{"@type":"BreadcrumbList","@id":"https:\/\/quereserva.com\/aviso-legal\/#breadcrumb","itemListElement":[{"@type":"ListItem","position":1,"name":"Portada","item":"http:\/\/quereserva.com\/"},{"@type":"ListItem","position":2,"name":"Aviso legal y condiciones de uso del portal"}]},{"@type":"WebSite","@id":"http:\/\/quereserva.com\/#website","url":"http:\/\/quereserva.com\/","name":"quereserva","description":"Reservas online","publisher":{"@id":"http:\/\/quereserva.com\/#organization"},"potentialAction":[{"@type":"SearchAction","target":{"@type":"EntryPoint","urlTemplate":"http:\/\/quereserva.com\/?s={search_term_string}"},"query-input":{"@type":"PropertyValueSpecification","valueRequired":true,"valueName":"search_term_string"}}],"inLanguage":"ca"},{"@type":"Organization","@id":"http:\/\/quereserva.com\/#organization","name":"quereserva","url":"http:\/\/quereserva.com\/","logo":{"@type":"ImageObject","inLanguage":"ca","@id":"http:\/\/quereserva.com\/#\/schema\/logo\/image\/","url":"https:\/\/quereserva.com\/wp-content\/uploads\/2019\/09\/logopeque-e1567459435961.png","contentUrl":"https:\/\/quereserva.com\/wp-content\/uploads\/2019\/09\/logopeque-e1567459435961.png","width":444,"height":135,"caption":"quereserva"},"image":{"@id":"http:\/\/quereserva.com\/#\/schema\/logo\/image\/"}}]}},"_links":{"self":[{"href":"https:\/\/quereserva.com\/ca\/wp-json\/wp\/v2\/pages\/647","targetHints":{"allow":["GET"]}}],"collection":[{"href":"https:\/\/quereserva.com\/ca\/wp-json\/wp\/v2\/pages"}],"about":[{"href":"https:\/\/quereserva.com\/ca\/wp-json\/wp\/v2\/types\/page"}],"author":[{"embeddable":true,"href":"https:\/\/quereserva.com\/ca\/wp-json\/wp\/v2\/users\/1"}],"replies":[{"embeddable":true,"href":"https:\/\/quereserva.com\/ca\/wp-json\/wp\/v2\/comments?post=647"}],"version-history":[{"count":53,"href":"https:\/\/quereserva.com\/ca\/wp-json\/wp\/v2\/pages\/647\/revisions"}],"predecessor-version":[{"id":913,"href":"https:\/\/quereserva.com\/ca\/wp-json\/wp\/v2\/pages\/647\/revisions\/913"}],"wp:attachment":[{"href":"https:\/\/quereserva.com\/ca\/wp-json\/wp\/v2\/media?parent=647"}],"curies":[{"name":"wp","href":"https:\/\/api.w.org\/{rel}","templated":true}]}}