{"id":664,"date":"2017-12-01T15:43:46","date_gmt":"2017-12-01T15:43:46","guid":{"rendered":"http:\/\/quereserva.com\/?page_id=664"},"modified":"2019-09-02T10:11:46","modified_gmt":"2019-09-02T10:11:46","slug":"cookies","status":"publish","type":"page","link":"https:\/\/quereserva.com\/ca\/cookies\/","title":{"rendered":"Pol\u00edtica de cookies"},"content":{"rendered":"<p><\/p>\n<div class=\"padding-default ziph-page_content \">\n<div class=\"container\">\n<div class=\"ziph-page_warp\">\n<h4 class=\"p5\"><strong><span class=\"s1\">ANTECEDENTS<\/span><\/strong><\/h4>\n<p class=\"p2\"><span class=\"s1\">De conformitat amb la normativa espanyola que regula l&#8217;\u00fas de cookies en relaci\u00f3 a la prestaci\u00f3 de serveis de comunicacions electr\u00f2niques, recollida en el Reial decret llei 13\/2012 del 30 de mar\u00e7, l&#8217;informem sobre les cookies utilitzades en el lloc web de <strong>Context Media S.L<\/strong> (tamb\u00e9 el prestador) i el motiu del seu \u00fas. Aix\u00ed mateix, l&#8217;informa que en navegar en el lloc web vost\u00e8 est\u00e0 prestant el seu consentiment per a poder utilitzar-les.<br \/>\n<\/span><\/p>\n<h4 class=\"p5\"><strong><span class=\"s1\">QU\u00c8 S\u00d3N LES COOKIES?<\/span><\/strong><\/h4>\n<p class=\"p2\"><span class=\"s1\">Una cookie \u00e9s un fitxer que es descarrega en el seu ordinador en accedir a determinades p\u00e0gines web. Les cookies permeten a una p\u00e0gina web, entre altres coses, emmagatzemar i recuperar informaci\u00f3 sobre els h\u00e0bits de navegaci\u00f3 d&#8217;un usuari o del seu equip i, depenent de la informaci\u00f3 que continguin i de la forma en qu\u00e8 utilitzi el seu equip, poden utilitzar-se per a recon\u00e8ixer a l&#8217;usuari. Les cookies s&#8217;associen \u00fanicament a un usuari an\u00f2nim i el seu ordinador o dispositiu i no proporcionen refer\u00e8ncies que permetin con\u00e8ixer les seves dades personals..<\/span><\/p>\n<h4 class=\"p5\"><strong><span class=\"s1\">COOKIES AFECTADES PER LA NORMATIVA I COOKIES EXEMPTES<\/span><\/strong><\/h4>\n<p class=\"p2\">Segons la directiva de la UE, les cookies que requereixen el consentiment informat per part de l&#8217;usuari s\u00f3n les cookies d&#8217;anal\u00edtica i les de publicitat i afiliaci\u00f3, quedant exceptuades les de car\u00e0cter t\u00e8cnic i les necess\u00e0ries per al funcionament del lloc web o la prestaci\u00f3 de serveis expressament demandats per l&#8217;usuari.<\/p>\n<h4 class=\"p5\"><strong><span class=\"s1\">TIPUS DE COOKIES<\/span><\/strong><\/h4>\n<p class=\"p2\"><span class=\"s1\">a) Segons l&#8217;entitat que les gestioni, hi ha Cookies pr\u00f2pies (aquelles que s&#8217;envien a l&#8217;equip terminal de l&#8217;usuari des d&#8217;un equip o domini gestionat pel propi editor i des del qual es presta el servei sol\u00b7licitat per l&#8217;usuari) i de tercers (les que s&#8217;envien a l&#8217;equip terminal de l&#8217;usuari des d&#8217;un equip o domini que no \u00e9s gestionat per l&#8217;editor, sin\u00f3 per una altra entitat que tracta les dades obtingudes trav\u00e9s de les cookies).<\/span><\/p>\n<p class=\"p2\"><span class=\"s1\">b) Segons el temps que romanen actives, existeixen les de sessi\u00f3 (dissenyades per a recaptar i emmagatzemar dades mentre l&#8217;usuari accedeix a una p\u00e0gina web) i les persistents (en les quals les dades s&#8217;emmagatzemen en el terminal i poden ser accedits i tractats durant un per\u00edode definit pel responsable de la cookie -pot anar d&#8217;uns minuts a diversos anys-).<\/span><\/p>\n<p class=\"p2\"><span class=\"s1\">c) Segons la finalitat per a la qual tractin la informaci\u00f3 que recopilen, poden ser:<\/span><\/p>\n<p class=\"p2\"><span class=\"s1\">&#8211; Cookies t\u00e8cniques (necess\u00e0ries per a l&#8217;\u00fas de la web i la prestaci\u00f3 del servei contractat), <\/span><\/p>\n<p class=\"p2\"><span class=\"s1\">\u2028- Cookies de personalitzaci\u00f3 (que permeten a l&#8217;usuari accedir al servei amb caracter\u00edstiques predefinides, com per exemple l&#8217;idioma, tipus de navegador, configuraci\u00f3 regional, etc.)\u2028<\/span><\/p>\n<p class=\"p2\"><span class=\"s1\">&#8211; Cookies d&#8217;an\u00e0lisis (recullen informaci\u00f3 l&#8217;\u00fas que es realitza de la web),\u2028<\/span><\/p>\n<p class=\"p2\"><span class=\"s1\">&#8211; Cookies publicit\u00e0ries (recullen informaci\u00f3 sobre les prefer\u00e8ncies i eleccions personals dels usuaris),\u2028<\/span><\/p>\n<p class=\"p2\"><span class=\"s1\">&#8211; Cookies d&#8217;afiliats (permeten realitzar un seguiment de les visites procedents d&#8217;altres webs, amb les quals el lloc web estableix un contracte d&#8217;afiliaci\u00f3).<\/span><\/p>\n<h4 class=\"p5\"><strong><span class=\"s1\">TIPUS DE COOKIES UTILITZADES PER AQUEST LLOC WEB<\/span><\/strong><\/h4>\n<p class=\"p2\">Les cookies utilitzades en el nostre lloc web s\u00f3n de sessi\u00f3 i de tercers, i ens permeten emmagatzemar i accedir a informaci\u00f3 relativa a l&#8217;idioma, el tipus de navegador utilitzat, i altres caracter\u00edstiques generals predefinides per l&#8217;usuari, aix\u00ed com seguir i analitzar l&#8217;activitat que duu a terme per a millorar i prestar els nostres serveis d&#8217;una manera m\u00e9s eficient i personalitzada. Les cookies usades tenen, en tot cas, car\u00e0cter temporal, amb l&#8217;\u00fanica finalitat de fer m\u00e9s efica\u00e7 la navegaci\u00f3. En cap cas aquestes cookies proporcionen per si mateixes dades de car\u00e0cter personal i no s&#8217;usen per a la recollida d&#8217;aquests.<\/p>\n<p class=\"p2\">La utilitzaci\u00f3 de les cookies ofereix avantatges, com ara:<\/p>\n<p class=\"p2\"><span class=\"s1\">&#8211; facilita a l&#8217;usuari la navegaci\u00f3 i l&#8217;acc\u00e9s als diferents serveis que ofereix aquest lloc web; <\/span><\/p>\n<p class=\"p2\"><span class=\"s1\">&#8211; evita a l&#8217;usuari haver de configurar les caracter\u00edstiques generals predefinides cada vegada que accedeix al lloc web; i<\/span><\/p>\n<p class=\"p2\"><span class=\"s1\">&#8211; afavoreix la millora del funcionament i dels serveis prestats a trav\u00e9s d&#8217;aquest lloc web, despr\u00e9s de la corresponent an\u00e0lisi de la informaci\u00f3 obtinguda a trav\u00e9s de les cookies instal\u00b7lades.<\/span><\/p>\n<p class=\"p2\">En accedir a la nostra web se l&#8217;informa que si continua navegant se li instal\u00b7laran diverses cookies de tercers consentint aix\u00ed la instal\u00b7laci\u00f3 de determinades cookies que tindran com a \u00fanica finalitat la de registrar l&#8217;acc\u00e9s al nostre lloc web per a la realitzaci\u00f3 d&#8217;estad\u00edstiques an\u00f2nimes sobre les visites, recopilant informaci\u00f3 sempre de forma an\u00f2nima. No \u00e9s necessari que accepti la instal\u00b7laci\u00f3 d&#8217;aquestes cookies, podr\u00e0 navegar igualment per tota la nostra web.<\/p>\n<p class=\"p2\">En diverses seccions de la nostra web es podran instal\u00b7lar cookies de xarxes socials, en concret les seg\u00fcents:<\/p>\n<p class=\"p2\"><span class=\"s1\">\u2022 Cookie de Twitter, segons el que es disposa en la seva pol\u00edtica de privacitat i \u00fas de cookies.<\/span><\/p>\n<p class=\"p2\"><span class=\"s1\">\u2022 Cookie de Facebook, segons el que es disposa en la seva pol\u00edtica de cookies.<\/span><\/p>\n<p class=\"p2\"><span class=\"s1\">\u2022 Cookie de Linkedin, segons el que es disposa en la seva p\u00e0gina sobre l&#8217;\u00fas de les cookies.<\/span><\/p>\n<p class=\"p2\"><span class=\"s1\">\u2022 Cookie de Google+ i Google Maps, segons el que es disposa en la seva p\u00e0gina sobre quin tipus de cookies utilitzen.<\/span><\/p>\n<h4 class=\"p5\"><strong><span class=\"s1\">REVOCACI\u00d3<\/span><\/strong><\/h4>\n<p class=\"p2\">En tot moment podr\u00e0 accedir a la configuraci\u00f3 del seu navegador acceptant o rebutjant totes les cookies, o b\u00e9 seleccionar aquelles la instal\u00b7laci\u00f3 de les quals admet i quins no, seguint un dels seg\u00fcents procediments, que dep\u00e8n del navegador que utilitzi:<\/p>\n<p class=\"p2\"><span class=\"s1\">Google Chrome:<br \/>\n<\/span><span class=\"s1\"><a href=\"https:\/\/support.google.com\/chrome\/answer\/95647?co=GENIE.Platform%3DDesktop&amp;hl=ca\">https:\/\/support.google.com\/chrome\/answer\/95647?co=GENIE.Platform%3DDesktop&amp;hl=ca<\/a><\/span><\/p>\n<p class=\"p2\"><span class=\"s1\">Microsoft Internet Explorer:<br \/>\n<\/span><span class=\"s1\"><a href=\"https:\/\/support.microsoft.com\/es-es\/help\/17442\/windows-internet-explorer-delete-manage-cookies\">https:\/\/support.microsoft.com\/es-es\/help\/17442\/windows-internet-explorer-delete-manage-cookies<\/a><\/span><\/p>\n<p class=\"p2\"><span class=\"s1\">Firefox:<br \/>\n<\/span><span class=\"s1\"><a href=\"https:\/\/support.mozilla.org\/ca\/kb\/activa-i-desactiva-les-galetes-que-les-pagines-web\">https:\/\/support.mozilla.org\/ca\/kb\/activa-i-desactiva-les-galetes-que-les-pagines-web<\/a><\/span><\/p>\n<p class=\"p2\"><span class=\"s1\">Safari, iPad, iPhone:<br \/>\n<\/span><span class=\"s1\"><span lang=\"CA\"><a href=\"https:\/\/support.apple.com\/es-es\/guide\/safari\/sfri11471\/mac\">https:\/\/support.apple.com\/es-es\/guide\/safari\/sfri11471\/mac<\/a><\/span><\/span><\/p>\n<p class=\"p2\"><span class=\"s1\">Opera:<br \/>\n<\/span><span class=\"s1\"><span lang=\"CA\"><a href=\"https:\/\/help.opera.com\/en\/latest\/web-preferences\/#cookies\">https:\/\/help.opera.com\/en\/latest\/web-preferences\/#cookies<\/a><\/span><\/span><\/p>\n<p class=\"p2\">Aquests navegadors estan sotmesos a actualitzacions o modificacions, per la qual cosa no podem garantir que s&#8217;ajustin completament a la versi\u00f3 del seu navegador. Tamb\u00e9 pot ser que utilitzi un altre navegador no contemplat en aquests enlla\u00e7os com Konqueror, Arora, Flock, etc. Per a evitar aquests desajustaments, pot accedir directament des de les opcions del seu navegador, generalment en el men\u00fa de &#8220;Opcions&#8221; en la secci\u00f3 de &#8220;Privacitat&#8221;. (Si us plau, consulti l&#8217;ajuda del seu navegador per a m\u00e9s informaci\u00f3).<\/p>\n<h4 class=\"p5\"><strong><span class=\"s1\">DESACTIVACI\u00d3\/ACTIVACI\u00d3 I ELIMINACI\u00d3 DE COOKIES<\/span><\/strong><\/h4>\n<p class=\"p2\">Per a restringir o bloquejar les cookies, es fa a trav\u00e9s de la configuraci\u00f3 del navegador.<\/p>\n<p class=\"p2\">Si no desitja que els llocs web posin cap cookie en el seu equip, pot adaptar la configuraci\u00f3 del navegador de manera que se li notifiqui abans que es col\u00b7loqui cap cookie. D&#8217;igual manera, pot adaptar la configuraci\u00f3 de manera que el navegador rebutgi totes les cookies, o \u00fanicament les cookies de tercers. Tamb\u00e9 pot eliminar qualsevol de les cookies que ja es trobin en l&#8217;equip. Tingui en compte que haur\u00e0 d&#8217;adaptar per separat la configuraci\u00f3 de cada navegador i equip que utilitzi.<\/p>\n<p class=\"p2\">Ha de tenir en compte que, si no desitja rebre cookies, ja no podrem garantir que el nostre lloc web funcioni degudament. Pot ser que algunes funcions del lloc es perdin i \u00e9s possible que ja no pugui veure certs llocs web. A m\u00e9s, rebutjar les cookies no significa que ja no vagi a veure anuncis publicitaris. Simplement els anuncis no s&#8217;ajustaran als seus interessos i es repetiran amb m\u00e9s freq\u00fc\u00e8ncia.<\/p>\n<p class=\"p2\">Cada navegador posseeix un m\u00e8tode diferent per a adaptar la configuraci\u00f3. Si fos necessari, consulti la funci\u00f3 d&#8217;ajuda del navegador per a establir la configuraci\u00f3 correcta.<\/p>\n<p class=\"p2\"><span class=\"s1\">Per a desactivar les cookies en el tel\u00e8fon m\u00f2bil, consulti el manual del dispositiu per a obtenir m\u00e9s informaci\u00f3.<\/span><\/p>\n<p class=\"p2\"><span class=\"s1\">Pot obtenir m\u00e9s informaci\u00f3 sobre les cookies en Internet, <a href=\"http:\/\/www.aboutcookies.org\/\">http:\/\/www.aboutcookies.org\/<\/a>.<\/span><\/p>\n<p class=\"p2\">Tenint en compte la forma en la qual funciona Internet i els llocs web, no sempre comptem amb informaci\u00f3 de les cookies que col\u00b7loquen terceres parts a trav\u00e9s del nostre lloc web. Aix\u00f2 s&#8217;aplica especialment a casos en els quals la nostra p\u00e0gina web cont\u00e9 el que es denominen elements integrats: textos, documents, imatges o breus pel\u00b7l\u00edcules que s&#8217;emmagatzemen en una altra part, per\u00f2 es mostren en el nostre lloc web o a trav\u00e9s d&#8217;aquest.<\/p>\n<p class=\"p2\">Per tant, en cas que es trobi amb aquest tipus de cookies en aquest lloc web i no estiguin enumerades en la llista anterior, li preguem que ens el comuniqui. O b\u00e9 posi&#8217;s en contacte directament amb el tercer per a demanar-li informaci\u00f3 sobre les cookies que col\u00b7loca, la finalitat i la durada de la cookie, i com ha garantit la seva privacitat.<\/p>\n<\/div>\n<\/div>\n<\/div>\n<footer class=\"ziph-footer_area\">\n<div class=\"ziph-footer_top\">\n<div class=\"container\">\n<div class=\"row ziph-footer_widgets\"><\/div>\n<\/div>\n<\/div>\n<\/footer>\n<p><\/p>","protected":false},"excerpt":{"rendered":"<p>ANTECEDENTS De conformitat amb la normativa espanyola que regula l&#8217;\u00fas de cookies en relaci\u00f3 a la prestaci\u00f3 de serveis de comunicacions electr\u00f2niques, recollida en el Reial decret llei 13\/2012 del 30 de mar\u00e7, l&#8217;informem sobre les cookies utilitzades en el lloc web de Context Media S.L (tamb\u00e9 el prestador) i el motiu del seu \u00fas. &hellip;<\/p>\n","protected":false},"author":1,"featured_media":0,"parent":0,"menu_order":0,"comment_status":"closed","ping_status":"closed","template":"","meta":{"footnotes":""},"class_list":["post-664","page","type-page","status-publish","hentry","no-thumb"],"yoast_head":"<!-- This site is optimized with the Yoast SEO plugin v26.9 - https:\/\/yoast.com\/product\/yoast-seo-wordpress\/ -->\n<title>Pol\u00edtica de cookies  - quereserva<\/title>\n<meta name=\"robots\" content=\"index, follow, max-snippet:-1, max-image-preview:large, max-video-preview:-1\" \/>\n<link rel=\"canonical\" href=\"https:\/\/quereserva.com\/cookies\/\" \/>\n<meta property=\"og:locale\" content=\"ca_ES\" \/>\n<meta property=\"og:type\" content=\"article\" \/>\n<meta property=\"og:title\" content=\"[:es]Pol\u00edtica de cookies[:ca]Pol\u00edtica de cookies [:en]Cookies policy[:] - quereserva\" \/>\n<meta property=\"og:description\" content=\"ANTECEDENTS De conformitat amb la normativa espanyola que regula l&#8217;\u00fas de cookies en relaci\u00f3 a la prestaci\u00f3 de serveis de comunicacions electr\u00f2niques, recollida en el Reial decret llei 13\/2012 del 30 de mar\u00e7, l&#8217;informem sobre les cookies utilitzades en el lloc web de Context Media S.L (tamb\u00e9 el prestador) i el motiu del seu \u00fas. &hellip;\" \/>\n<meta property=\"og:url\" content=\"https:\/\/quereserva.com\/cookies\/\" \/>\n<meta property=\"og:site_name\" content=\"quereserva\" \/>\n<meta property=\"article:modified_time\" content=\"2019-09-02T10:11:46+00:00\" \/>\n<meta name=\"twitter:card\" content=\"summary_large_image\" \/>\n<meta name=\"twitter:label1\" content=\"Temps estimat de lectura\" \/>\n\t<meta name=\"twitter:data1\" content=\"21 minuts\" \/>\n<script type=\"application\/ld+json\" class=\"yoast-schema-graph\">{\"@context\":\"https:\/\/schema.org\",\"@graph\":[{\"@type\":\"WebPage\",\"@id\":\"https:\/\/quereserva.com\/cookies\/\",\"url\":\"https:\/\/quereserva.com\/cookies\/\",\"name\":\"[:es]Pol\u00edtica de cookies[:ca]Pol\u00edtica de cookies [:en]Cookies policy[:] - quereserva\",\"isPartOf\":{\"@id\":\"http:\/\/quereserva.com\/en\/#website\"},\"datePublished\":\"2017-12-01T15:43:46+00:00\",\"dateModified\":\"2019-09-02T10:11:46+00:00\",\"breadcrumb\":{\"@id\":\"https:\/\/quereserva.com\/cookies\/#breadcrumb\"},\"inLanguage\":\"ca\",\"potentialAction\":[{\"@type\":\"ReadAction\",\"target\":[\"https:\/\/quereserva.com\/cookies\/\"]}]},{\"@type\":\"BreadcrumbList\",\"@id\":\"https:\/\/quereserva.com\/cookies\/#breadcrumb\",\"itemListElement\":[{\"@type\":\"ListItem\",\"position\":1,\"name\":\"Portada\",\"item\":\"http:\/\/quereserva.com\/en\/\"},{\"@type\":\"ListItem\",\"position\":2,\"name\":\"Pol\u00edtica de cookies\"}]},{\"@type\":\"WebSite\",\"@id\":\"http:\/\/quereserva.com\/en\/#website\",\"url\":\"http:\/\/quereserva.com\/en\/\",\"name\":\"quereserva\",\"description\":\"Reservas online\",\"publisher\":{\"@id\":\"http:\/\/quereserva.com\/en\/#organization\"},\"potentialAction\":[{\"@type\":\"SearchAction\",\"target\":{\"@type\":\"EntryPoint\",\"urlTemplate\":\"http:\/\/quereserva.com\/en\/?s={search_term_string}\"},\"query-input\":{\"@type\":\"PropertyValueSpecification\",\"valueRequired\":true,\"valueName\":\"search_term_string\"}}],\"inLanguage\":\"ca\"},{\"@type\":\"Organization\",\"@id\":\"http:\/\/quereserva.com\/en\/#organization\",\"name\":\"quereserva\",\"url\":\"http:\/\/quereserva.com\/en\/\",\"logo\":{\"@type\":\"ImageObject\",\"inLanguage\":\"ca\",\"@id\":\"http:\/\/quereserva.com\/en\/#\/schema\/logo\/image\/\",\"url\":\"https:\/\/quereserva.com\/wp-content\/uploads\/2019\/09\/logopeque-e1567459435961.png\",\"contentUrl\":\"https:\/\/quereserva.com\/wp-content\/uploads\/2019\/09\/logopeque-e1567459435961.png\",\"width\":444,\"height\":135,\"caption\":\"quereserva\"},\"image\":{\"@id\":\"http:\/\/quereserva.com\/en\/#\/schema\/logo\/image\/\"}}]}<\/script>\n<!-- \/ Yoast SEO plugin. -->","yoast_head_json":{"title":"[:es]Pol\u00edtica de cookies[:ca]Pol\u00edtica de cookies [:en]Cookies policy[:] - quereserva","robots":{"index":"index","follow":"follow","max-snippet":"max-snippet:-1","max-image-preview":"max-image-preview:large","max-video-preview":"max-video-preview:-1"},"canonical":"https:\/\/quereserva.com\/cookies\/","og_locale":"ca_ES","og_type":"article","og_title":"[:es]Pol\u00edtica de cookies[:ca]Pol\u00edtica de cookies [:en]Cookies policy[:] - quereserva","og_description":"ANTECEDENTS De conformitat amb la normativa espanyola que regula l&#8217;\u00fas de cookies en relaci\u00f3 a la prestaci\u00f3 de serveis de comunicacions electr\u00f2niques, recollida en el Reial decret llei 13\/2012 del 30 de mar\u00e7, l&#8217;informem sobre les cookies utilitzades en el lloc web de Context Media S.L (tamb\u00e9 el prestador) i el motiu del seu \u00fas. &hellip;","og_url":"https:\/\/quereserva.com\/cookies\/","og_site_name":"quereserva","article_modified_time":"2019-09-02T10:11:46+00:00","twitter_card":"summary_large_image","twitter_misc":{"Temps estimat de lectura":"21 minuts"},"schema":{"@context":"https:\/\/schema.org","@graph":[{"@type":"WebPage","@id":"https:\/\/quereserva.com\/cookies\/","url":"https:\/\/quereserva.com\/cookies\/","name":"[:es]Pol\u00edtica de cookies[:ca]Pol\u00edtica de cookies [:en]Cookies policy[:] - quereserva","isPartOf":{"@id":"http:\/\/quereserva.com\/en\/#website"},"datePublished":"2017-12-01T15:43:46+00:00","dateModified":"2019-09-02T10:11:46+00:00","breadcrumb":{"@id":"https:\/\/quereserva.com\/cookies\/#breadcrumb"},"inLanguage":"ca","potentialAction":[{"@type":"ReadAction","target":["https:\/\/quereserva.com\/cookies\/"]}]},{"@type":"BreadcrumbList","@id":"https:\/\/quereserva.com\/cookies\/#breadcrumb","itemListElement":[{"@type":"ListItem","position":1,"name":"Portada","item":"http:\/\/quereserva.com\/en\/"},{"@type":"ListItem","position":2,"name":"Pol\u00edtica de cookies"}]},{"@type":"WebSite","@id":"http:\/\/quereserva.com\/en\/#website","url":"http:\/\/quereserva.com\/en\/","name":"quereserva","description":"Reservas online","publisher":{"@id":"http:\/\/quereserva.com\/en\/#organization"},"potentialAction":[{"@type":"SearchAction","target":{"@type":"EntryPoint","urlTemplate":"http:\/\/quereserva.com\/en\/?s={search_term_string}"},"query-input":{"@type":"PropertyValueSpecification","valueRequired":true,"valueName":"search_term_string"}}],"inLanguage":"ca"},{"@type":"Organization","@id":"http:\/\/quereserva.com\/en\/#organization","name":"quereserva","url":"http:\/\/quereserva.com\/en\/","logo":{"@type":"ImageObject","inLanguage":"ca","@id":"http:\/\/quereserva.com\/en\/#\/schema\/logo\/image\/","url":"https:\/\/quereserva.com\/wp-content\/uploads\/2019\/09\/logopeque-e1567459435961.png","contentUrl":"https:\/\/quereserva.com\/wp-content\/uploads\/2019\/09\/logopeque-e1567459435961.png","width":444,"height":135,"caption":"quereserva"},"image":{"@id":"http:\/\/quereserva.com\/en\/#\/schema\/logo\/image\/"}}]}},"_links":{"self":[{"href":"https:\/\/quereserva.com\/ca\/wp-json\/wp\/v2\/pages\/664","targetHints":{"allow":["GET"]}}],"collection":[{"href":"https:\/\/quereserva.com\/ca\/wp-json\/wp\/v2\/pages"}],"about":[{"href":"https:\/\/quereserva.com\/ca\/wp-json\/wp\/v2\/types\/page"}],"author":[{"embeddable":true,"href":"https:\/\/quereserva.com\/ca\/wp-json\/wp\/v2\/users\/1"}],"replies":[{"embeddable":true,"href":"https:\/\/quereserva.com\/ca\/wp-json\/wp\/v2\/comments?post=664"}],"version-history":[{"count":29,"href":"https:\/\/quereserva.com\/ca\/wp-json\/wp\/v2\/pages\/664\/revisions"}],"predecessor-version":[{"id":887,"href":"https:\/\/quereserva.com\/ca\/wp-json\/wp\/v2\/pages\/664\/revisions\/887"}],"wp:attachment":[{"href":"https:\/\/quereserva.com\/ca\/wp-json\/wp\/v2\/media?parent=664"}],"curies":[{"name":"wp","href":"https:\/\/api.w.org\/{rel}","templated":true}]}}